{"id":1206,"date":"2025-11-28T10:54:10","date_gmt":"2025-11-28T10:54:10","guid":{"rendered":"https:\/\/thehockeydepartment.com\/tours\/"},"modified":"2026-03-16T10:40:48","modified_gmt":"2026-03-16T10:40:48","slug":"tours","status":"publish","type":"page","link":"https:\/\/thehockeydepartment.com\/es\/tours\/","title":{"rendered":"Tours"},"content":{"rendered":"[vc_row type=\u00bbfull_width_background\u00bb full_screen_row_position=\u00bbmiddle\u00bb column_margin=\u00bbdefault\u00bb equal_height=\u00bbyes\u00bb content_placement=\u00bbmiddle\u00bb column_direction=\u00bbdefault\u00bb column_direction_tablet=\u00bbdefault\u00bb column_direction_phone=\u00bbdefault\u00bb bg_color=\u00bb#F9F9F9&#8243; scene_position=\u00bbcenter\u00bb top_padding=\u00bb50&#8243; constrain_group_1=\u00bbyes\u00bb bottom_padding=\u00bb50&#8243; text_color=\u00bbdark\u00bb text_align=\u00bbleft\u00bb row_border_radius=\u00bbnone\u00bb row_border_radius_applies=\u00bbbg\u00bb overflow=\u00bbvisible\u00bb overlay_strength=\u00bb0.3&#8243; gradient_direction=\u00bbleft_to_right\u00bb shape_divider_position=\u00bbbottom\u00bb bg_image_animation=\u00bbnone\u00bb gradient_type=\u00bbdefault\u00bb shape_type=\u00bb\u00bb][vc_column column_padding=\u00bbpadding-3-percent\u00bb column_padding_tablet=\u00bbinherit\u00bb column_padding_phone=\u00bbno-extra-padding\u00bb column_padding_position=\u00bball\u00bb column_element_direction_desktop=\u00bbdefault\u00bb column_element_spacing=\u00bbdefault\u00bb desktop_text_alignment=\u00bbdefault\u00bb tablet_text_alignment=\u00bbdefault\u00bb phone_text_alignment=\u00bbdefault\u00bb background_color_opacity=\u00bb1&#8243; background_hover_color_opacity=\u00bb1&#8243; column_backdrop_filter=\u00bbnone\u00bb column_shadow=\u00bbnone\u00bb column_border_radius=\u00bbnone\u00bb column_link_target=\u00bb_self\u00bb column_position=\u00bbdefault\u00bb gradient_direction=\u00bbleft_to_right\u00bb overlay_strength=\u00bb0.3&#8243; width=\u00bb1\/2&#8243; tablet_width_inherit=\u00bbdefault\u00bb animation_type=\u00bbdefault\u00bb bg_image_animation=\u00bbnone\u00bb border_type=\u00bbsimple\u00bb column_border_width=\u00bbnone\u00bb column_border_style=\u00bbsolid\u00bb column_padding_type=\u00bbdefault\u00bb gradient_type=\u00bbdefault\u00bb][nectar_responsive_text inherited_font_style=\u00bbdefault\u00bb text_direction=\u00bbdefault\u00bb]<span style=\"color: #1a8751;\"><strong><em>Tours<\/em><\/strong><\/span>[\/nectar_responsive_text][vc_row_inner column_margin=\u00bbdefault\u00bb column_direction=\u00bbdefault\u00bb column_direction_tablet=\u00bbdefault\u00bb column_direction_phone=\u00bbdefault\u00bb text_align=\u00bbleft\u00bb row_position=\u00bbdefault\u00bb row_position_tablet=\u00bbinherit\u00bb row_position_phone=\u00bbinherit\u00bb overflow=\u00bbvisible\u00bb pointer_events=\u00bball\u00bb][vc_column_inner column_padding=\u00bbno-extra-padding\u00bb column_padding_tablet=\u00bbinherit\u00bb column_padding_phone=\u00bbinherit\u00bb column_padding_position=\u00bball\u00bb top_margin=\u00bb-25&#8243; column_element_direction_desktop=\u00bbdefault\u00bb column_element_spacing=\u00bbdefault\u00bb desktop_text_alignment=\u00bbdefault\u00bb tablet_text_alignment=\u00bbdefault\u00bb phone_text_alignment=\u00bbdefault\u00bb background_color_opacity=\u00bb1&#8243; background_hover_color_opacity=\u00bb1&#8243; column_backdrop_filter=\u00bbnone\u00bb column_shadow=\u00bbnone\u00bb column_border_radius=\u00bbnone\u00bb column_link_target=\u00bb_self\u00bb overflow=\u00bbvisible\u00bb gradient_direction=\u00bbleft_to_right\u00bb overlay_strength=\u00bb0.3&#8243; width=\u00bb1\/1&#8243; tablet_width_inherit=\u00bbdefault\u00bb animation_type=\u00bbdefault\u00bb bg_image_animation=\u00bbnone\u00bb border_type=\u00bbsimple\u00bb column_border_width=\u00bbnone\u00bb column_border_style=\u00bbsolid\u00bb column_padding_type=\u00bbdefault\u00bb gradient_type=\u00bbdefault\u00bb][nectar_responsive_text inherited_font_style=\u00bbh1&#8243; text_direction=\u00bbdefault\u00bb]<strong>Conectando jugadores de todos los continentes<\/strong>[\/nectar_responsive_text][\/vc_column_inner][\/vc_row_inner][vc_column_text css=\u00bb\u00bb text_direction=\u00bbdefault\u00bb]En el Departamento de Hockey, nos especializamos en dise\u00f1ar<strong> tours internacionales de hockey sobre c\u00e9sped<\/strong> que combinan competici\u00f3n, entrenamiento y cultura. Nuestros tours ofrecen a clubes, escuelas y universidades la oportunidad de experimentar el hockey en el extranjero mientras forjan amistades y recuerdos para toda la vida.[\/vc_column_text][nectar_btn size=\u00bblarge\u00bb button_style=\u00bbregular\u00bb button_color_2=\u00bbAccent-Color\u00bb icon_family=\u00bbnone\u00bb text=\u00bbDesc\u00fabrelos\u00bb url=\u00bb#tours\u00bb][\/vc_column][vc_column column_padding=\u00bbno-extra-padding\u00bb column_padding_tablet=\u00bbinherit\u00bb column_padding_phone=\u00bbinherit\u00bb column_padding_position=\u00bball\u00bb column_element_direction_desktop=\u00bbdefault\u00bb column_element_spacing=\u00bbdefault\u00bb desktop_text_alignment=\u00bbdefault\u00bb tablet_text_alignment=\u00bbdefault\u00bb phone_text_alignment=\u00bbdefault\u00bb background_color_opacity=\u00bb1&#8243; background_hover_color_opacity=\u00bb1&#8243; column_backdrop_filter=\u00bbnone\u00bb column_shadow=\u00bbnone\u00bb column_border_radius=\u00bbnone\u00bb column_link_target=\u00bb_self\u00bb column_position=\u00bbdefault\u00bb gradient_direction=\u00bbleft_to_right\u00bb overlay_strength=\u00bb0.3&#8243; width=\u00bb1\/2&#8243; tablet_width_inherit=\u00bbdefault\u00bb animation_type=\u00bbdefault\u00bb bg_image_animation=\u00bbnone\u00bb border_type=\u00bbsimple\u00bb column_border_width=\u00bbnone\u00bb column_border_style=\u00bbsolid\u00bb][image_with_animation image_url=\u00bb632&#8243; image_size=\u00bbfull\u00bb max_width=\u00bb100%\u00bb max_width_mobile=\u00bbdefault\u00bb animation_type=\u00bbentrance\u00bb animation=\u00bbNone\u00bb animation_movement_type=\u00bbtransform_y\u00bb hover_animation=\u00bbnone\u00bb alignment=\u00bbright\u00bb border_radius=\u00bb10px\u00bb box_shadow=\u00bbsmall_depth\u00bb image_loading=\u00bbdefault\u00bb][\/vc_column][\/vc_row][vc_row type=\u00bbfull_width_background\u00bb full_screen_row_position=\u00bbmiddle\u00bb column_margin=\u00bb100px\u00bb equal_height=\u00bbyes\u00bb content_placement=\u00bbmiddle\u00bb column_direction=\u00bbdefault\u00bb column_direction_tablet=\u00bbdefault\u00bb column_direction_phone=\u00bbcolumn_reverse\u00bb scene_position=\u00bbcenter\u00bb top_padding=\u00bb50&#8243; constrain_group_1=\u00bbyes\u00bb bottom_padding=\u00bb50&#8243; text_color=\u00bbdark\u00bb text_align=\u00bbleft\u00bb row_border_radius=\u00bbnone\u00bb row_border_radius_applies=\u00bbbg\u00bb overflow=\u00bbvisible\u00bb overlay_strength=\u00bb0.3&#8243; gradient_direction=\u00bbleft_to_right\u00bb shape_divider_position=\u00bbbottom\u00bb bg_image_animation=\u00bbnone\u00bb gradient_type=\u00bbdefault\u00bb shape_type=\u00bb\u00bb][vc_column column_padding=\u00bbno-extra-padding\u00bb column_padding_tablet=\u00bbinherit\u00bb column_padding_phone=\u00bbinherit\u00bb column_padding_position=\u00bball\u00bb column_element_direction_desktop=\u00bbdefault\u00bb column_element_spacing=\u00bbdefault\u00bb desktop_text_alignment=\u00bbdefault\u00bb tablet_text_alignment=\u00bbdefault\u00bb phone_text_alignment=\u00bbdefault\u00bb background_color_opacity=\u00bb1&#8243; background_hover_color_opacity=\u00bb1&#8243; column_backdrop_filter=\u00bbnone\u00bb column_shadow=\u00bbnone\u00bb column_border_radius=\u00bbnone\u00bb column_link_target=\u00bb_self\u00bb column_position=\u00bbdefault\u00bb gradient_direction=\u00bbleft_to_right\u00bb overlay_strength=\u00bb0.3&#8243; width=\u00bb1\/2&#8243; tablet_width_inherit=\u00bbdefault\u00bb animation_type=\u00bbdefault\u00bb bg_image_animation=\u00bbnone\u00bb border_type=\u00bbsimple\u00bb column_border_width=\u00bbnone\u00bb column_border_style=\u00bbsolid\u00bb][image_with_animation image_url=\u00bb631&#8243; image_size=\u00bbfull\u00bb max_width=\u00bb100%\u00bb max_width_mobile=\u00bbdefault\u00bb animation_type=\u00bbentrance\u00bb animation=\u00bbNone\u00bb animation_movement_type=\u00bbtransform_y\u00bb hover_animation=\u00bbnone\u00bb alignment=\u00bb\u00bb border_radius=\u00bb10px\u00bb box_shadow=\u00bbsmall_depth\u00bb image_loading=\u00bbdefault\u00bb][\/vc_column][vc_column column_padding=\u00bbno-extra-padding\u00bb column_padding_tablet=\u00bbinherit\u00bb column_padding_phone=\u00bbinherit\u00bb column_padding_position=\u00bball\u00bb column_element_direction_desktop=\u00bbdefault\u00bb column_element_spacing=\u00bbdefault\u00bb desktop_text_alignment=\u00bbdefault\u00bb tablet_text_alignment=\u00bbdefault\u00bb phone_text_alignment=\u00bbdefault\u00bb background_color_opacity=\u00bb1&#8243; background_hover_color_opacity=\u00bb1&#8243; column_backdrop_filter=\u00bbnone\u00bb column_shadow=\u00bbnone\u00bb column_border_radius=\u00bbnone\u00bb column_link_target=\u00bb_self\u00bb column_position=\u00bbdefault\u00bb gradient_direction=\u00bbleft_to_right\u00bb overlay_strength=\u00bb0.3&#8243; width=\u00bb1\/2&#8243; tablet_width_inherit=\u00bbdefault\u00bb animation_type=\u00bbdefault\u00bb bg_image_animation=\u00bbnone\u00bb border_type=\u00bbsimple\u00bb column_border_width=\u00bbnone\u00bb column_border_style=\u00bbsolid\u00bb][vc_column_text css=\u00bb\u00bb text_direction=\u00bbdefault\u00bb]\n<h2 style=\"text-align: left;\">\u00bfPara qui\u00e9n son los tours?<\/h2>\n[\/vc_column_text]<div class=\"nectar-fancy-ul\" data-list-icon=\"icon-salient-check\" data-animation=\"false\" data-animation-delay=\"0\" data-color=\"accent-color\" data-spacing=\"default\" data-alignment=\"left\"> \n<ul>\n<li><strong>Clubes y Escuelas:<\/strong> Viaja con tu equipo para vivir partidos internacionales.<\/li>\n<li><strong>Equipos Juveniles: <\/strong>Aprendiendo el valor del esp\u00edritu deportivo en un contexto global.<\/li>\n<li><strong>Equipos universitarios<\/strong>: Equilibrando el juego competitivo con el intercambio social y cultural<\/li>\n<\/ul>\n <\/div>[nectar_btn size=\u00bblarge\u00bb button_style=\u00bbregular\u00bb button_color_2=\u00bbAccent-Color\u00bb icon_family=\u00bbnone\u00bb text=\u00bbContacto\u00bb url=\u00bb#contact\u00bb][\/vc_column][\/vc_row][vc_row type=\u00bbfull_width_background\u00bb full_screen_row_position=\u00bbmiddle\u00bb column_margin=\u00bbdefault\u00bb equal_height=\u00bbyes\u00bb content_placement=\u00bbmiddle\u00bb column_direction=\u00bbdefault\u00bb column_direction_tablet=\u00bbdefault\u00bb column_direction_phone=\u00bbdefault\u00bb bg_color=\u00bb#F9F9F9&#8243; scene_position=\u00bbcenter\u00bb top_padding=\u00bb50&#8243; constrain_group_1=\u00bbyes\u00bb bottom_padding=\u00bb50&#8243; text_color=\u00bbdark\u00bb text_align=\u00bbleft\u00bb row_border_radius=\u00bbnone\u00bb row_border_radius_applies=\u00bbbg\u00bb overflow=\u00bbvisible\u00bb overlay_strength=\u00bb0.3&#8243; gradient_direction=\u00bbleft_to_right\u00bb shape_divider_position=\u00bbbottom\u00bb bg_image_animation=\u00bbnone\u00bb gradient_type=\u00bbdefault\u00bb shape_type=\u00bb\u00bb][vc_column column_padding=\u00bbpadding-3-percent\u00bb column_padding_tablet=\u00bbinherit\u00bb column_padding_phone=\u00bbno-extra-padding\u00bb column_padding_position=\u00bball\u00bb column_element_direction_desktop=\u00bbdefault\u00bb column_element_spacing=\u00bbdefault\u00bb desktop_text_alignment=\u00bbdefault\u00bb tablet_text_alignment=\u00bbdefault\u00bb phone_text_alignment=\u00bbdefault\u00bb background_color_opacity=\u00bb1&#8243; background_hover_color_opacity=\u00bb1&#8243; column_backdrop_filter=\u00bbnone\u00bb column_shadow=\u00bbnone\u00bb column_border_radius=\u00bbnone\u00bb column_link_target=\u00bb_self\u00bb column_position=\u00bbdefault\u00bb gradient_direction=\u00bbleft_to_right\u00bb overlay_strength=\u00bb0.3&#8243; width=\u00bb1\/2&#8243; tablet_width_inherit=\u00bbdefault\u00bb animation_type=\u00bbdefault\u00bb bg_image_animation=\u00bbnone\u00bb border_type=\u00bbsimple\u00bb column_border_width=\u00bbnone\u00bb column_border_style=\u00bbsolid\u00bb column_padding_type=\u00bbdefault\u00bb gradient_type=\u00bbdefault\u00bb][vc_column_text css=\u00bb\u00bb text_direction=\u00bbdefault\u00bb]\n<h2 style=\"text-align: left;\">\u00bfQu\u00e9 est\u00e1 incluido?<\/h2>\n[\/vc_column_text]<div class=\"nectar-fancy-ul\" data-list-icon=\"icon-salient-check\" data-animation=\"false\" data-animation-delay=\"0\" data-color=\"accent-color\" data-spacing=\"default\" data-alignment=\"left\"> \n<ul>\n<li><strong>Itinerarios a medida: <\/strong>Adaptamos cada tour al nivel, objetivos y preferencias de tu equipo.<\/li>\n<li><strong>Partidos y amistosos:<\/strong> juega contra clubes locales e internacionales.<\/li>\n<li><strong>Sesiones de Coaching Profesional:<\/strong> Aprende de coaches internacionales licenciados.<\/li>\n<li><strong>Actividades culturales: <\/strong>Explora los aspectos m\u00e1s destacados y las tradiciones del pa\u00eds anfitri\u00f3n.<\/li>\n<li><strong>Alojamiento y Log\u00edstica:<\/strong> Desde hoteles hasta el transporte, nos encargamos de todo.<\/li>\n<\/ul>\n <\/div>[nectar_btn size=\u00bblarge\u00bb button_style=\u00bbregular\u00bb button_color_2=\u00bbAccent-Color\u00bb icon_family=\u00bbnone\u00bb text=\u00bbContacto\u00bb url=\u00bb#contact\u00bb][\/vc_column][vc_column column_padding=\u00bbno-extra-padding\u00bb column_padding_tablet=\u00bbinherit\u00bb column_padding_phone=\u00bbinherit\u00bb column_padding_position=\u00bball\u00bb column_element_direction_desktop=\u00bbdefault\u00bb column_element_spacing=\u00bbdefault\u00bb desktop_text_alignment=\u00bbdefault\u00bb tablet_text_alignment=\u00bbdefault\u00bb phone_text_alignment=\u00bbdefault\u00bb background_color_opacity=\u00bb1&#8243; background_hover_color_opacity=\u00bb1&#8243; column_backdrop_filter=\u00bbnone\u00bb column_shadow=\u00bbnone\u00bb column_border_radius=\u00bbnone\u00bb column_link_target=\u00bb_self\u00bb column_position=\u00bbdefault\u00bb gradient_direction=\u00bbleft_to_right\u00bb overlay_strength=\u00bb0.3&#8243; width=\u00bb1\/2&#8243; tablet_width_inherit=\u00bbdefault\u00bb animation_type=\u00bbdefault\u00bb bg_image_animation=\u00bbnone\u00bb border_type=\u00bbsimple\u00bb column_border_width=\u00bbnone\u00bb column_border_style=\u00bbsolid\u00bb][image_with_animation image_url=\u00bb633&#8243; image_size=\u00bbfull\u00bb max_width=\u00bb100%\u00bb max_width_mobile=\u00bbdefault\u00bb animation_type=\u00bbentrance\u00bb animation=\u00bbNone\u00bb animation_movement_type=\u00bbtransform_y\u00bb hover_animation=\u00bbnone\u00bb alignment=\u00bbright\u00bb border_radius=\u00bb10px\u00bb box_shadow=\u00bbsmall_depth\u00bb image_loading=\u00bbdefault\u00bb][\/vc_column][\/vc_row][vc_row type=\u00bbfull_width_content\u00bb full_screen_row_position=\u00bbmiddle\u00bb column_margin=\u00bbdefault\u00bb column_direction=\u00bbdefault\u00bb column_direction_tablet=\u00bbdefault\u00bb column_direction_phone=\u00bbdefault\u00bb scene_position=\u00bbcenter\u00bb top_padding=\u00bb50px\u00bb bottom_padding=\u00bb50&#8243; text_color=\u00bbdark\u00bb text_align=\u00bbleft\u00bb row_border_radius=\u00bbnone\u00bb row_border_radius_applies=\u00bbbg\u00bb overflow=\u00bbvisible\u00bb class=\u00bbfullScreenRow\u00bb id=\u00bbtours\u00bb overlay_strength=\u00bb0.3&#8243; gradient_direction=\u00bbleft_to_right\u00bb shape_divider_position=\u00bbbottom\u00bb bg_image_animation=\u00bbnone\u00bb gradient_type=\u00bbdefault\u00bb shape_type=\u00bb\u00bb][vc_column column_padding=\u00bbno-extra-padding\u00bb column_padding_tablet=\u00bbinherit\u00bb column_padding_phone=\u00bbinherit\u00bb column_padding_position=\u00bball\u00bb column_element_direction_desktop=\u00bbdefault\u00bb column_element_spacing=\u00bbdefault\u00bb desktop_text_alignment=\u00bbdefault\u00bb tablet_text_alignment=\u00bbdefault\u00bb phone_text_alignment=\u00bbdefault\u00bb background_color_opacity=\u00bb1&#8243; background_hover_color_opacity=\u00bb1&#8243; column_backdrop_filter=\u00bbnone\u00bb column_shadow=\u00bbnone\u00bb column_border_radius=\u00bbnone\u00bb column_link_target=\u00bb_self\u00bb column_position=\u00bbdefault\u00bb gradient_direction=\u00bbleft_to_right\u00bb overlay_strength=\u00bb0.3&#8243; width=\u00bb1\/1&#8243; tablet_width_inherit=\u00bbdefault\u00bb animation_type=\u00bbdefault\u00bb bg_image_animation=\u00bbnone\u00bb border_type=\u00bbsimple\u00bb column_border_width=\u00bbnone\u00bb column_border_style=\u00bbsolid\u00bb][vc_column_text css=\u00bb\u00bb text_direction=\u00bbdefault\u00bb]\n<h2 style=\"text-align: center;\">Tours locations<\/h2>\n[\/vc_column_text][\/vc_column][\/vc_row][vc_row type=\u00bbin_container\u00bb full_screen_row_position=\u00bbmiddle\u00bb column_margin=\u00bbdefault\u00bb column_direction=\u00bbdefault\u00bb column_direction_tablet=\u00bbdefault\u00bb column_direction_phone=\u00bbdefault\u00bb scene_position=\u00bbcenter\u00bb bottom_margin=\u00bb50&#8243; text_color=\u00bbdark\u00bb text_align=\u00bbleft\u00bb row_border_radius=\u00bbnone\u00bb row_border_radius_applies=\u00bbbg\u00bb overflow=\u00bbvisible\u00bb overlay_strength=\u00bb0.3&#8243; gradient_direction=\u00bbleft_to_right\u00bb shape_divider_position=\u00bbbottom\u00bb bg_image_animation=\u00bbnone\u00bb gradient_type=\u00bbdefault\u00bb shape_type=\u00bb\u00bb][vc_column column_padding=\u00bbno-extra-padding\u00bb column_padding_tablet=\u00bbinherit\u00bb column_padding_phone=\u00bbinherit\u00bb column_padding_position=\u00bball\u00bb column_element_direction_desktop=\u00bbdefault\u00bb column_element_spacing=\u00bbdefault\u00bb desktop_text_alignment=\u00bbdefault\u00bb tablet_text_alignment=\u00bbdefault\u00bb phone_text_alignment=\u00bbdefault\u00bb background_color_opacity=\u00bb1&#8243; background_hover_color_opacity=\u00bb1&#8243; column_backdrop_filter=\u00bbnone\u00bb column_shadow=\u00bbnone\u00bb column_border_radius=\u00bbnone\u00bb column_link_target=\u00bb_self\u00bb column_position=\u00bbdefault\u00bb gradient_direction=\u00bbleft_to_right\u00bb overlay_strength=\u00bb0.3&#8243; width=\u00bb1\/1&#8243; tablet_width_inherit=\u00bbdefault\u00bb animation_type=\u00bbdefault\u00bb bg_image_animation=\u00bbnone\u00bb border_type=\u00bbsimple\u00bb column_border_width=\u00bbnone\u00bb column_border_style=\u00bbsolid\u00bb]<div class=\"mi-cpt-grid columnas-2\"><div class=\"mi-cpt-item\"><div class=\"mi-cpt-titulo\"><h3><a href=\"https:\/\/thehockeydepartment.com\/es\/tour\/the-hockey-world-cup-tour-2026\/\">THE HOCKEY WORLD CUP TOUR 2026<\/a><\/h3><\/div><div class=\"mi-cpt-thumb\"><a href=\"https:\/\/thehockeydepartment.com\/es\/tour\/the-hockey-world-cup-tour-2026\/\"><img loading=\"lazy\" decoding=\"async\" width=\"1200\" height=\"583\" src=\"https:\/\/thehockeydepartment.com\/wp-content\/uploads\/2025\/12\/WhatsApp-Image-2024-05-21-at-11.31.56-1-1516x736_opt.webp\" class=\"attachment-full size-full wp-post-image\" alt=\"\" srcset=\"https:\/\/thehockeydepartment.com\/wp-content\/uploads\/2025\/12\/WhatsApp-Image-2024-05-21-at-11.31.56-1-1516x736_opt.webp 1200w, https:\/\/thehockeydepartment.com\/wp-content\/uploads\/2025\/12\/WhatsApp-Image-2024-05-21-at-11.31.56-1-1516x736_opt-300x146.webp 300w, https:\/\/thehockeydepartment.com\/wp-content\/uploads\/2025\/12\/WhatsApp-Image-2024-05-21-at-11.31.56-1-1516x736_opt-1024x497.webp 1024w, https:\/\/thehockeydepartment.com\/wp-content\/uploads\/2025\/12\/WhatsApp-Image-2024-05-21-at-11.31.56-1-1516x736_opt-768x373.webp 768w\" sizes=\"auto, (max-width: 1200px) 100vw, 1200px\" \/><\/a><\/div><p class=\"mi-cpt-texto\">Prep\u00e1rate para un evento inolvidable Del 15 al 30 de agosto de 2026, los mejores equipos de hockey del mundo se reunir\u00e1n en \u00c1msterdam para la Copa Mundial de Hockey Masculina y Femenina 2026.<\/p><a class=\"mi-cpt-boton\" href=\"https:\/\/thehockeydepartment.com\/es\/tour\/the-hockey-world-cup-tour-2026\/\">Ver m\u00e1s <img decoding=\"async\" src=\"\/wp-content\/uploads\/2025\/10\/85bbe6ab98e509c234339a33880b8b261a23dbdc.png\" alt=\"icono\" class=\"mi-cpt-boton-icono\" \/><\/a><\/div><div class=\"mi-cpt-item\"><div class=\"mi-cpt-titulo\"><h3><a href=\"https:\/\/thehockeydepartment.com\/es\/tour\/holanda\/\">Holanda<\/a><\/h3><\/div><div class=\"mi-cpt-thumb\"><a href=\"https:\/\/thehockeydepartment.com\/es\/tour\/holanda\/\"><img loading=\"lazy\" decoding=\"async\" width=\"909\" height=\"500\" src=\"https:\/\/thehockeydepartment.com\/wp-content\/uploads\/2025\/12\/Screen-Shot-2019-04-09-at-16.39.12-909x500-1.png\" class=\"attachment-full size-full wp-post-image\" alt=\"\" srcset=\"https:\/\/thehockeydepartment.com\/wp-content\/uploads\/2025\/12\/Screen-Shot-2019-04-09-at-16.39.12-909x500-1.png 909w, https:\/\/thehockeydepartment.com\/wp-content\/uploads\/2025\/12\/Screen-Shot-2019-04-09-at-16.39.12-909x500-1-300x165.png 300w, https:\/\/thehockeydepartment.com\/wp-content\/uploads\/2025\/12\/Screen-Shot-2019-04-09-at-16.39.12-909x500-1-768x422.png 768w\" sizes=\"auto, (max-width: 909px) 100vw, 909px\" \/><\/a><\/div><p class=\"mi-cpt-texto\">Para sus viajes de hockey sobre c\u00e9sped, visitar Holanda es imprescindible: el hockey sobre c\u00e9sped est\u00e1 arraigado en la cultura deportiva holandesa, siendo el segundo deporte m\u00e1s importante del pa\u00eds. Las instalaciones de hockey son excepcionales en todo el pa\u00eds y el nivel de juego es alto. <\/p><a class=\"mi-cpt-boton\" href=\"https:\/\/thehockeydepartment.com\/es\/tour\/holanda\/\">Ver m\u00e1s <img decoding=\"async\" src=\"\/wp-content\/uploads\/2025\/10\/85bbe6ab98e509c234339a33880b8b261a23dbdc.png\" alt=\"icono\" class=\"mi-cpt-boton-icono\" \/><\/a><\/div><div class=\"mi-cpt-item\"><div class=\"mi-cpt-titulo\"><h3><a href=\"https:\/\/thehockeydepartment.com\/es\/tour\/gira-de-hockey-sobre-cesped-por-holanda-belgica-y-alemania\/\">Tour de hockey sobre c\u00e9sped por Holanda, B\u00e9lgica y Alemania<\/a><\/h3><\/div><div class=\"mi-cpt-thumb\"><a href=\"https:\/\/thehockeydepartment.com\/es\/tour\/gira-de-hockey-sobre-cesped-por-holanda-belgica-y-alemania\/\"><img loading=\"lazy\" decoding=\"async\" width=\"1200\" height=\"736\" src=\"https:\/\/thehockeydepartment.com\/wp-content\/uploads\/2025\/12\/IMG_2288-1200x736_opt.webp\" class=\"attachment-full size-full wp-post-image\" alt=\"\" srcset=\"https:\/\/thehockeydepartment.com\/wp-content\/uploads\/2025\/12\/IMG_2288-1200x736_opt.webp 1200w, https:\/\/thehockeydepartment.com\/wp-content\/uploads\/2025\/12\/IMG_2288-1200x736_opt-300x184.webp 300w, https:\/\/thehockeydepartment.com\/wp-content\/uploads\/2025\/12\/IMG_2288-1200x736_opt-1024x628.webp 1024w, https:\/\/thehockeydepartment.com\/wp-content\/uploads\/2025\/12\/IMG_2288-1200x736_opt-768x471.webp 768w\" sizes=\"auto, (max-width: 1200px) 100vw, 1200px\" \/><\/a><\/div><p class=\"mi-cpt-texto\">Si quieres visitar varios pa\u00edses y experimentar diferentes culturas sin tener que viajar demasiado, Holanda, B\u00e9lgica y Alemania son la combinaci\u00f3n perfecta. Estos pa\u00edses ofrecen numerosas instalaciones de hockey que pueden formar equipos de cualquier nivel.  <\/p><a class=\"mi-cpt-boton\" href=\"https:\/\/thehockeydepartment.com\/es\/tour\/gira-de-hockey-sobre-cesped-por-holanda-belgica-y-alemania\/\">Ver m\u00e1s <img decoding=\"async\" src=\"\/wp-content\/uploads\/2025\/10\/85bbe6ab98e509c234339a33880b8b261a23dbdc.png\" alt=\"icono\" class=\"mi-cpt-boton-icono\" \/><\/a><\/div><div class=\"mi-cpt-item\"><div class=\"mi-cpt-titulo\"><h3><a href=\"https:\/\/thehockeydepartment.com\/es\/tour\/gira-de-hockey-sobre-cesped-de-holanda-y-espana\/\">Tour de hockey sobre c\u00e9sped de Holanda y Espa\u00f1a<\/a><\/h3><\/div><div class=\"mi-cpt-thumb\"><a href=\"https:\/\/thehockeydepartment.com\/es\/tour\/gira-de-hockey-sobre-cesped-de-holanda-y-espana\/\"><img loading=\"lazy\" decoding=\"async\" width=\"1200\" height=\"736\" src=\"https:\/\/thehockeydepartment.com\/wp-content\/uploads\/2025\/12\/IMG_2398-1200x736-1_opt.webp\" class=\"attachment-full size-full wp-post-image\" alt=\"\" srcset=\"https:\/\/thehockeydepartment.com\/wp-content\/uploads\/2025\/12\/IMG_2398-1200x736-1_opt.webp 1200w, https:\/\/thehockeydepartment.com\/wp-content\/uploads\/2025\/12\/IMG_2398-1200x736-1_opt-300x184.webp 300w, https:\/\/thehockeydepartment.com\/wp-content\/uploads\/2025\/12\/IMG_2398-1200x736-1_opt-1024x628.webp 1024w, https:\/\/thehockeydepartment.com\/wp-content\/uploads\/2025\/12\/IMG_2398-1200x736-1_opt-768x471.webp 768w\" sizes=\"auto, (max-width: 1200px) 100vw, 1200px\" \/><\/a><\/div><p class=\"mi-cpt-texto\">An excellent possibility to experience a different country culture and field hockey culture, as every country has its own way of playing. Especially in the Barcelona area there are many field hockey clubs with great facilities for excellent training sessions. <\/p><a class=\"mi-cpt-boton\" href=\"https:\/\/thehockeydepartment.com\/es\/tour\/gira-de-hockey-sobre-cesped-de-holanda-y-espana\/\">Ver m\u00e1s <img decoding=\"async\" src=\"\/wp-content\/uploads\/2025\/10\/85bbe6ab98e509c234339a33880b8b261a23dbdc.png\" alt=\"icono\" class=\"mi-cpt-boton-icono\" \/><\/a><\/div><\/div>[\/vc_column][\/vc_row]\n","protected":false},"excerpt":{"rendered":"<p>[vc_row type=\u00bbfull_width_background\u00bb full_screen_row_position=\u00bbmiddle\u00bb column_margin=\u00bbdefault\u00bb equal_height=\u00bbyes\u00bb content_placement=\u00bbmiddle\u00bb column_direction=\u00bbdefault\u00bb column_direction_tablet=\u00bbdefault\u00bb column_direction_phone=\u00bbdefault\u00bb bg_color=\u00bb#F9F9F9&#8243; scene_position=\u00bbcenter\u00bb top_padding=\u00bb50&#8243; constrain_group_1=\u00bbyes\u00bb bottom_padding=\u00bb50&#8243; text_color=\u00bbdark\u00bb text_align=\u00bbleft\u00bb row_border_radius=\u00bbnone\u00bb row_border_radius_applies=\u00bbbg\u00bb overflow=\u00bbvisible\u00bb overlay_strength=\u00bb0.3&#8243; gradient_direction=\u00bbleft_to_right\u00bb shape_divider_position=\u00bbbottom\u00bb bg_image_animation=\u00bbnone\u00bb gradient_type=\u00bbdefault\u00bb shape_type=\u00bb\u00bb][vc_column column_padding=\u00bbpadding-3-percent\u00bb column_padding_tablet=\u00bbinherit\u00bb column_padding_phone=\u00bbno-extra-padding\u00bb column_padding_position=\u00bball\u00bb column_element_direction_desktop=\u00bbdefault\u00bb&#8230;<\/p>\n","protected":false},"author":2,"featured_media":0,"parent":0,"menu_order":0,"comment_status":"closed","ping_status":"closed","template":"","meta":{"_acf_changed":false,"footnotes":""},"class_list":["post-1206","page","type-page","status-publish"],"acf":[],"_links":{"self":[{"href":"https:\/\/thehockeydepartment.com\/es\/wp-json\/wp\/v2\/pages\/1206","targetHints":{"allow":["GET"]}}],"collection":[{"href":"https:\/\/thehockeydepartment.com\/es\/wp-json\/wp\/v2\/pages"}],"about":[{"href":"https:\/\/thehockeydepartment.com\/es\/wp-json\/wp\/v2\/types\/page"}],"author":[{"embeddable":true,"href":"https:\/\/thehockeydepartment.com\/es\/wp-json\/wp\/v2\/users\/2"}],"replies":[{"embeddable":true,"href":"https:\/\/thehockeydepartment.com\/es\/wp-json\/wp\/v2\/comments?post=1206"}],"version-history":[{"count":8,"href":"https:\/\/thehockeydepartment.com\/es\/wp-json\/wp\/v2\/pages\/1206\/revisions"}],"predecessor-version":[{"id":3462,"href":"https:\/\/thehockeydepartment.com\/es\/wp-json\/wp\/v2\/pages\/1206\/revisions\/3462"}],"wp:attachment":[{"href":"https:\/\/thehockeydepartment.com\/es\/wp-json\/wp\/v2\/media?parent=1206"}],"curies":[{"name":"wp","href":"https:\/\/api.w.org\/{rel}","templated":true}]}}