{"id":1191,"date":"2025-12-05T11:07:19","date_gmt":"2025-12-05T11:07:19","guid":{"rendered":"https:\/\/thehockeydepartment.com\/?page_id=1191"},"modified":"2025-12-05T14:52:21","modified_gmt":"2025-12-05T14:52:21","slug":"politica-de-cookies","status":"publish","type":"page","link":"https:\/\/thehockeydepartment.com\/es\/politica-de-cookies\/","title":{"rendered":"Pol\u00edtica de cookies"},"content":{"rendered":"[vc_row type=\u00bbin_container\u00bb full_screen_row_position=\u00bbmiddle\u00bb column_margin=\u00bbdefault\u00bb column_direction=\u00bbdefault\u00bb column_direction_tablet=\u00bbdefault\u00bb column_direction_phone=\u00bbdefault\u00bb scene_position=\u00bbcenter\u00bb text_color=\u00bbdark\u00bb text_align=\u00bbleft\u00bb row_border_radius=\u00bbnone\u00bb row_border_radius_applies=\u00bbbg\u00bb overflow=\u00bbvisible\u00bb overlay_strength=\u00bb0.3&#8243; gradient_direction=\u00bbleft_to_right\u00bb shape_divider_position=\u00bbbottom\u00bb bg_image_animation=\u00bbnone\u00bb][vc_column column_padding=\u00bbno-extra-padding\u00bb column_padding_tablet=\u00bbinherit\u00bb column_padding_phone=\u00bbinherit\u00bb column_padding_position=\u00bball\u00bb column_element_direction_desktop=\u00bbdefault\u00bb column_element_spacing=\u00bbdefault\u00bb desktop_text_alignment=\u00bbdefault\u00bb tablet_text_alignment=\u00bbdefault\u00bb phone_text_alignment=\u00bbdefault\u00bb background_color_opacity=\u00bb1&#8243; background_hover_color_opacity=\u00bb1&#8243; column_backdrop_filter=\u00bbnone\u00bb column_shadow=\u00bbnone\u00bb column_border_radius=\u00bbnone\u00bb column_link_target=\u00bb_self\u00bb column_position=\u00bbdefault\u00bb gradient_direction=\u00bbleft_to_right\u00bb overlay_strength=\u00bb0.3&#8243; width=\u00bb1\/1&#8243; tablet_width_inherit=\u00bbdefault\u00bb animation_type=\u00bbdefault\u00bb bg_image_animation=\u00bbnone\u00bb border_type=\u00bbsimple\u00bb column_border_width=\u00bbnone\u00bb column_border_style=\u00bbsolid\u00bb][vc_column_text css=\u00bb\u00bb text_direction=\u00bbdefault\u00bb]\n<h1>Pol\u00edtica de Cookies<\/h1>\n<p>Esta Pol\u00edtica de Cookies explica c\u00f3mo <strong>The Hockey Department<\/strong> utiliza cookies y tecnolog\u00edas similares en el sitio web <strong>https:\/\/thehockeydepartment.com\/<\/strong>.<\/p>\n<h2>\u00bfQu\u00e9 son las cookies?<\/h2>\n<p>Las cookies son peque\u00f1os archivos de texto que el navegador almacena en el dispositivo de la persona usuaria. Sirven para mejorar la funcionalidad del sitio web, analizar el tr\u00e1fico y optimizar la experiencia de navegaci\u00f3n.<\/p>\n<h2>Tipos de cookies que utilizamos<\/h2>\n<ul>\n<li><strong>Cookies t\u00e9cnicas<\/strong>: necesarias para el funcionamiento b\u00e1sico del sitio web.<\/li>\n<li><strong>Cookies anal\u00edticas<\/strong>: permiten analizar el uso del sitio y mejorar su rendimiento (por ejemplo, Google Analytics).<\/li>\n<\/ul>\n<h2>Gesti\u00f3n de cookies<\/h2>\n<p>La persona usuaria puede configurar su navegador para bloquear, restringir o eliminar cookies. No obstante, desactivarlas puede afectar al funcionamiento del sitio web.<\/p>\n<h2>Cookies de terceros<\/h2>\n<p>Podemos utilizar servicios externos como Google Analytics. Recomendamos consultar sus pol\u00edticas de privacidad para obtener m\u00e1s informaci\u00f3n.<\/p>\n<h2>Aceptaci\u00f3n de la pol\u00edtica de cookies<\/h2>\n<p>Al continuar navegando en este sitio web, la persona usuaria acepta el uso de cookies seg\u00fan lo descrito en esta pol\u00edtica. Se mostrar\u00e1 un banner de aviso en la primera visita.<\/p>\n<h2>Actualizaciones de esta pol\u00edtica<\/h2>\n<p>La presente pol\u00edtica podr\u00e1 actualizarse para adaptarse a cambios legales o t\u00e9cnicos. Cualquier modificaci\u00f3n se publicar\u00e1 en esta p\u00e1gina.[\/vc_column_text][\/vc_column][\/vc_row]\n","protected":false},"excerpt":{"rendered":"<p>[vc_row type=\u00bbin_container\u00bb full_screen_row_position=\u00bbmiddle\u00bb column_margin=\u00bbdefault\u00bb column_direction=\u00bbdefault\u00bb column_direction_tablet=\u00bbdefault\u00bb column_direction_phone=\u00bbdefault\u00bb scene_position=\u00bbcenter\u00bb text_color=\u00bbdark\u00bb text_align=\u00bbleft\u00bb row_border_radius=\u00bbnone\u00bb row_border_radius_applies=\u00bbbg\u00bb overflow=\u00bbvisible\u00bb overlay_strength=\u00bb0.3&#8243; gradient_direction=\u00bbleft_to_right\u00bb shape_divider_position=\u00bbbottom\u00bb bg_image_animation=\u00bbnone\u00bb][vc_column column_padding=\u00bbno-extra-padding\u00bb column_padding_tablet=\u00bbinherit\u00bb column_padding_phone=\u00bbinherit\u00bb column_padding_position=\u00bball\u00bb column_element_direction_desktop=\u00bbdefault\u00bb column_element_spacing=\u00bbdefault\u00bb desktop_text_alignment=\u00bbdefault\u00bb tablet_text_alignment=\u00bbdefault\u00bb phone_text_alignment=\u00bbdefault\u00bb background_color_opacity=\u00bb1&#8243; background_hover_color_opacity=\u00bb1&#8243; column_backdrop_filter=\u00bbnone\u00bb column_shadow=\u00bbnone\u00bb&#8230;<\/p>\n","protected":false},"author":2,"featured_media":0,"parent":0,"menu_order":0,"comment_status":"closed","ping_status":"closed","template":"","meta":{"_acf_changed":false,"footnotes":""},"class_list":["post-1191","page","type-page","status-publish"],"acf":[],"_links":{"self":[{"href":"https:\/\/thehockeydepartment.com\/es\/wp-json\/wp\/v2\/pages\/1191","targetHints":{"allow":["GET"]}}],"collection":[{"href":"https:\/\/thehockeydepartment.com\/es\/wp-json\/wp\/v2\/pages"}],"about":[{"href":"https:\/\/thehockeydepartment.com\/es\/wp-json\/wp\/v2\/types\/page"}],"author":[{"embeddable":true,"href":"https:\/\/thehockeydepartment.com\/es\/wp-json\/wp\/v2\/users\/2"}],"replies":[{"embeddable":true,"href":"https:\/\/thehockeydepartment.com\/es\/wp-json\/wp\/v2\/comments?post=1191"}],"version-history":[{"count":2,"href":"https:\/\/thehockeydepartment.com\/es\/wp-json\/wp\/v2\/pages\/1191\/revisions"}],"predecessor-version":[{"id":1194,"href":"https:\/\/thehockeydepartment.com\/es\/wp-json\/wp\/v2\/pages\/1191\/revisions\/1194"}],"wp:attachment":[{"href":"https:\/\/thehockeydepartment.com\/es\/wp-json\/wp\/v2\/media?parent=1191"}],"curies":[{"name":"wp","href":"https:\/\/api.w.org\/{rel}","templated":true}]}}