{"id":1189,"date":"2025-12-05T10:45:02","date_gmt":"2025-12-05T10:45:02","guid":{"rendered":"https:\/\/thehockeydepartment.com\/?page_id=1189"},"modified":"2025-12-05T14:52:03","modified_gmt":"2025-12-05T14:52:03","slug":"politica-de-privacidad","status":"publish","type":"page","link":"https:\/\/thehockeydepartment.com\/es\/politica-de-privacidad\/","title":{"rendered":"Pol\u00edtica de privacidad"},"content":{"rendered":"[vc_row type=\u00bbin_container\u00bb full_screen_row_position=\u00bbmiddle\u00bb column_margin=\u00bbdefault\u00bb column_direction=\u00bbdefault\u00bb column_direction_tablet=\u00bbdefault\u00bb column_direction_phone=\u00bbdefault\u00bb scene_position=\u00bbcenter\u00bb text_color=\u00bbdark\u00bb text_align=\u00bbleft\u00bb row_border_radius=\u00bbnone\u00bb row_border_radius_applies=\u00bbbg\u00bb overflow=\u00bbvisible\u00bb overlay_strength=\u00bb0.3&#8243; gradient_direction=\u00bbleft_to_right\u00bb shape_divider_position=\u00bbbottom\u00bb bg_image_animation=\u00bbnone\u00bb][vc_column column_padding=\u00bbno-extra-padding\u00bb column_padding_tablet=\u00bbinherit\u00bb column_padding_phone=\u00bbinherit\u00bb column_padding_position=\u00bball\u00bb column_element_direction_desktop=\u00bbdefault\u00bb column_element_spacing=\u00bbdefault\u00bb desktop_text_alignment=\u00bbdefault\u00bb tablet_text_alignment=\u00bbdefault\u00bb phone_text_alignment=\u00bbdefault\u00bb background_color_opacity=\u00bb1&#8243; background_hover_color_opacity=\u00bb1&#8243; column_backdrop_filter=\u00bbnone\u00bb column_shadow=\u00bbnone\u00bb column_border_radius=\u00bbnone\u00bb column_link_target=\u00bb_self\u00bb column_position=\u00bbdefault\u00bb gradient_direction=\u00bbleft_to_right\u00bb overlay_strength=\u00bb0.3&#8243; width=\u00bb1\/1&#8243; tablet_width_inherit=\u00bbdefault\u00bb animation_type=\u00bbdefault\u00bb bg_image_animation=\u00bbnone\u00bb border_type=\u00bbsimple\u00bb column_border_width=\u00bbnone\u00bb column_border_style=\u00bbsolid\u00bb][vc_column_text css=\u00bb\u00bb text_direction=\u00bbdefault\u00bb]\n<h1>Pol\u00edtica de Privacidad<\/h1>\n<p>La presente Pol\u00edtica de Privacidad explica c\u00f3mo recopilamos, tratamos y protegemos los datos personales facilitados por las personas usuarias del sitio web <strong>https:\/\/thehockeydepartment.com\/<\/strong>.<\/p>\n<p>La empresa <strong>Barbara Maartje Stefanie Janssen<\/strong>, con NIF <strong>X6241136V<\/strong> y domicilio en <strong>Carrer Baladre 8, 08017 Barcelona<\/strong>, es la responsable del tratamiento de sus datos personales.<\/p>\n<h2>Cumplimiento normativo<\/h2>\n<p>Este sitio cumple con la normativa vigente en materia de protecci\u00f3n de datos, incluyendo:<\/p>\n<ul>\n<li><strong>RGPD<\/strong>: Reglamento (UE) 2016\/679 General de Protecci\u00f3n de Datos.<\/li>\n<li><strong>LOPD-GDD<\/strong>: Ley Org\u00e1nica 3\/2018 de Protecci\u00f3n de Datos y Garant\u00eda de los Derechos Digitales.<\/li>\n<li><strong>LSSI-CE<\/strong>: Ley 34\/2002 de Servicios de la Sociedad de la Informaci\u00f3n y Comercio Electr\u00f3nico.<\/li>\n<\/ul>\n<h2>Datos que recopilamos<\/h2>\n<p>Recopilamos \u00fanicamente los datos estrictamente necesarios para poder atender sus solicitudes, principalmente mediante formularios o correos electr\u00f3nicos.<\/p>\n<h2>Finalidades del tratamiento<\/h2>\n<p>Sus datos personales podr\u00e1n ser tratados para las siguientes finalidades:<\/p>\n<ul>\n<li>Responder a consultas, solicitudes o mensajes remitidos por la persona usuaria.<\/li>\n<li>Enviar informaci\u00f3n relacionada con nuestros servicios.<\/li>\n<li>Gestionar comunicaciones administrativas o profesionales vinculadas a The Hockey Department.<\/li>\n<\/ul>\n<h2>Base legal para el tratamiento<\/h2>\n<p>La base legal para el tratamiento es el <strong>consentimiento expreso<\/strong> otorgado al contactar voluntariamente con la empresa.<\/p>\n<h2>Plazo de conservaci\u00f3n<\/h2>\n<p>Sus datos se conservar\u00e1n \u00fanicamente durante el tiempo necesario para cumplir con las finalidades mencionadas o hasta que solicite su supresi\u00f3n.<\/p>\n<h2>Comunicaci\u00f3n de datos<\/h2>\n<p>No se compartir\u00e1n datos con terceros salvo obligaci\u00f3n legal o en caso de ser necesario para servicios t\u00e9cnicos como alojamiento web o anal\u00edtica, siempre bajo sus respectivas pol\u00edticas de privacidad.<\/p>\n<h2>Medidas de seguridad<\/h2>\n<p>La empresa adopta todas las medidas t\u00e9cnicas y organizativas necesarias para proteger los datos personales y evitar accesos no autorizados o p\u00e9rdidas.<\/p>\n<h2>Ejercicio de derechos<\/h2>\n<p>Puede ejercer sus derechos de acceso, rectificaci\u00f3n, supresi\u00f3n, oposici\u00f3n, limitaci\u00f3n y portabilidad escribiendo a:<\/p>\n<p><strong>info@thehockeydepartment.com<\/strong><\/p>\n<h2>Actualizaciones<\/h2>\n<p>Esta Pol\u00edtica de Privacidad podr\u00e1 ser actualizada por motivos legales u operativos. En tal caso, la versi\u00f3n vigente ser\u00e1 la publicada en el sitio web.[\/vc_column_text][\/vc_column][\/vc_row]\n","protected":false},"excerpt":{"rendered":"<p>[vc_row type=\u00bbin_container\u00bb full_screen_row_position=\u00bbmiddle\u00bb column_margin=\u00bbdefault\u00bb column_direction=\u00bbdefault\u00bb column_direction_tablet=\u00bbdefault\u00bb column_direction_phone=\u00bbdefault\u00bb scene_position=\u00bbcenter\u00bb text_color=\u00bbdark\u00bb text_align=\u00bbleft\u00bb row_border_radius=\u00bbnone\u00bb row_border_radius_applies=\u00bbbg\u00bb overflow=\u00bbvisible\u00bb overlay_strength=\u00bb0.3&#8243; gradient_direction=\u00bbleft_to_right\u00bb shape_divider_position=\u00bbbottom\u00bb bg_image_animation=\u00bbnone\u00bb][vc_column column_padding=\u00bbno-extra-padding\u00bb column_padding_tablet=\u00bbinherit\u00bb column_padding_phone=\u00bbinherit\u00bb column_padding_position=\u00bball\u00bb column_element_direction_desktop=\u00bbdefault\u00bb column_element_spacing=\u00bbdefault\u00bb desktop_text_alignment=\u00bbdefault\u00bb tablet_text_alignment=\u00bbdefault\u00bb phone_text_alignment=\u00bbdefault\u00bb background_color_opacity=\u00bb1&#8243; background_hover_color_opacity=\u00bb1&#8243; column_backdrop_filter=\u00bbnone\u00bb column_shadow=\u00bbnone\u00bb&#8230;<\/p>\n","protected":false},"author":2,"featured_media":0,"parent":0,"menu_order":0,"comment_status":"closed","ping_status":"closed","template":"","meta":{"_acf_changed":false,"footnotes":""},"class_list":["post-1189","page","type-page","status-publish"],"acf":[],"_links":{"self":[{"href":"https:\/\/thehockeydepartment.com\/es\/wp-json\/wp\/v2\/pages\/1189","targetHints":{"allow":["GET"]}}],"collection":[{"href":"https:\/\/thehockeydepartment.com\/es\/wp-json\/wp\/v2\/pages"}],"about":[{"href":"https:\/\/thehockeydepartment.com\/es\/wp-json\/wp\/v2\/types\/page"}],"author":[{"embeddable":true,"href":"https:\/\/thehockeydepartment.com\/es\/wp-json\/wp\/v2\/users\/2"}],"replies":[{"embeddable":true,"href":"https:\/\/thehockeydepartment.com\/es\/wp-json\/wp\/v2\/comments?post=1189"}],"version-history":[{"count":2,"href":"https:\/\/thehockeydepartment.com\/es\/wp-json\/wp\/v2\/pages\/1189\/revisions"}],"predecessor-version":[{"id":1193,"href":"https:\/\/thehockeydepartment.com\/es\/wp-json\/wp\/v2\/pages\/1189\/revisions\/1193"}],"wp:attachment":[{"href":"https:\/\/thehockeydepartment.com\/es\/wp-json\/wp\/v2\/media?parent=1189"}],"curies":[{"name":"wp","href":"https:\/\/api.w.org\/{rel}","templated":true}]}}