{"id":1185,"date":"2025-12-05T11:07:08","date_gmt":"2025-12-05T11:07:08","guid":{"rendered":"https:\/\/thehockeydepartment.com\/?page_id=1185"},"modified":"2025-12-05T14:49:48","modified_gmt":"2025-12-05T14:49:48","slug":"aviso-legal","status":"publish","type":"page","link":"https:\/\/thehockeydepartment.com\/es\/aviso-legal\/","title":{"rendered":"Aviso legal"},"content":{"rendered":"[vc_row type=\u00bbin_container\u00bb full_screen_row_position=\u00bbmiddle\u00bb column_margin=\u00bbdefault\u00bb column_direction=\u00bbdefault\u00bb column_direction_tablet=\u00bbdefault\u00bb column_direction_phone=\u00bbdefault\u00bb scene_position=\u00bbcenter\u00bb text_color=\u00bbdark\u00bb text_align=\u00bbleft\u00bb row_border_radius=\u00bbnone\u00bb row_border_radius_applies=\u00bbbg\u00bb overflow=\u00bbvisible\u00bb overlay_strength=\u00bb0.3&#8243; gradient_direction=\u00bbleft_to_right\u00bb shape_divider_position=\u00bbbottom\u00bb bg_image_animation=\u00bbnone\u00bb][vc_column column_padding=\u00bbno-extra-padding\u00bb column_padding_tablet=\u00bbinherit\u00bb column_padding_phone=\u00bbinherit\u00bb column_padding_position=\u00bball\u00bb column_element_direction_desktop=\u00bbdefault\u00bb column_element_spacing=\u00bbdefault\u00bb desktop_text_alignment=\u00bbdefault\u00bb tablet_text_alignment=\u00bbdefault\u00bb phone_text_alignment=\u00bbdefault\u00bb background_color_opacity=\u00bb1&#8243; background_hover_color_opacity=\u00bb1&#8243; column_backdrop_filter=\u00bbnone\u00bb column_shadow=\u00bbnone\u00bb column_border_radius=\u00bbnone\u00bb column_link_target=\u00bb_self\u00bb column_position=\u00bbdefault\u00bb gradient_direction=\u00bbleft_to_right\u00bb overlay_strength=\u00bb0.3&#8243; width=\u00bb1\/1&#8243; tablet_width_inherit=\u00bbdefault\u00bb animation_type=\u00bbdefault\u00bb bg_image_animation=\u00bbnone\u00bb border_type=\u00bbsimple\u00bb column_border_width=\u00bbnone\u00bb column_border_style=\u00bbsolid\u00bb][vc_column_text css=\u00bb\u00bb text_direction=\u00bbdefault\u00bb]\n<h1>Aviso Legal<\/h1>\n<p>Este sitio web es propiedad de <strong>Barbara Maartje Stefanie Janssen<\/strong> (en adelante, \u201cla empresa\u201d), con NIF <strong>X6241136V<\/strong> y domicilio en <strong>Carrer Baladre 8, 08017 Barcelona (Espa\u00f1a)<\/strong>. Para cualquier consulta o comunicaci\u00f3n, puede escribirnos a <strong>info@thehockeydepartment.com<\/strong>.<\/p>\n<h2>A. \u00c1mbito de aplicaci\u00f3n y legislaci\u00f3n aplicable<\/h2>\n<p>El acceso y uso de esta p\u00e1gina web se rigen exclusivamente por la legislaci\u00f3n espa\u00f1ola vigente. Toda persona que accede al sitio (la \u201cPERSONA USUARIA\u201d) acepta expresamente estas Condiciones de Uso. Si la persona usuaria no est\u00e1 conforme, deber\u00e1 abstenerse de utilizar esta web.<\/p>\n<p>El env\u00edo de datos personales a trav\u00e9s del sitio requiere tener al menos <strong>14 a\u00f1os<\/strong> o, en su defecto, contar con la capacidad jur\u00eddica necesaria para contratar.<\/p>\n<p>La empresa se reserva el derecho de modificar en cualquier momento la presentaci\u00f3n, configuraci\u00f3n, contenido o servicios del sitio web, e incluso su supresi\u00f3n de la red.<\/p>\n<h2>B. Propiedad intelectual<\/h2>\n<p>Todos los contenidos del sitio web \u2014textos, im\u00e1genes, gr\u00e1ficos, c\u00f3digo fuente y dem\u00e1s elementos\u2014 son propiedad de la empresa o de terceros que han cedido los derechos correspondientes, y est\u00e1n protegidos por la normativa de Propiedad Intelectual e Industrial.<\/p>\n<p>La PERSONA USUARIA \u00fanicamente tiene derecho a un uso privado del contenido, sin \u00e1nimo de lucro. Para modificarlo, reproducirlo, distribuirlo, comunicarlo p\u00fablicamente o explotarlo, se requiere autorizaci\u00f3n expresa y por escrito de la empresa.<\/p>\n<h2>C. Obligaciones de la persona usuaria<\/h2>\n<p>El acceso al sitio web es gratuito y no exige registro previo.<\/p>\n<p>La PERSONA USUARIA se compromete a utilizar el sitio conforme a la buena fe, el orden p\u00fablico y las presentes condiciones. Queda prohibida cualquier utilizaci\u00f3n indebida, reproducci\u00f3n o extracci\u00f3n de contenidos.<\/p>\n<h2>D. Protecci\u00f3n de datos<\/h2>\n<p>La empresa garantiza la protecci\u00f3n y confidencialidad de los datos personales. Al facilitar informaci\u00f3n personal, la PERSONA USUARIA acepta nuestra <strong>Pol\u00edtica de Privacidad<\/strong>.<\/p>\n<h2>E. Responsabilidad y disponibilidad del servicio<\/h2>\n<p>No se garantiza la disponibilidad ininterrumpida del servicio debido a posibles incidencias de red, fallos de servidores u otras circunstancias imprevisibles.<\/p>\n<p>Salvo indicaci\u00f3n expresa, el contenido del sitio web tiene car\u00e1cter meramente informativo y corporativo.<\/p>\n<p>Cualquier controversia relacionada con esta web se someter\u00e1 a los tribunales que correspondan legalmente seg\u00fan la normativa espa\u00f1ola.<\/p>\n<h2>F. Vigencia de las condiciones<\/h2>\n<p>Las presentes Condiciones de Uso fueron actualizadas por \u00faltima vez el <strong>25\/11\/2024<\/strong>. Se recomienda a la PERSONA USUARIA revisarlas peri\u00f3dicamente.[\/vc_column_text][\/vc_column][\/vc_row]\n","protected":false},"excerpt":{"rendered":"<p>[vc_row type=\u00bbin_container\u00bb full_screen_row_position=\u00bbmiddle\u00bb column_margin=\u00bbdefault\u00bb column_direction=\u00bbdefault\u00bb column_direction_tablet=\u00bbdefault\u00bb column_direction_phone=\u00bbdefault\u00bb scene_position=\u00bbcenter\u00bb text_color=\u00bbdark\u00bb text_align=\u00bbleft\u00bb row_border_radius=\u00bbnone\u00bb row_border_radius_applies=\u00bbbg\u00bb overflow=\u00bbvisible\u00bb overlay_strength=\u00bb0.3&#8243; gradient_direction=\u00bbleft_to_right\u00bb shape_divider_position=\u00bbbottom\u00bb bg_image_animation=\u00bbnone\u00bb][vc_column column_padding=\u00bbno-extra-padding\u00bb column_padding_tablet=\u00bbinherit\u00bb column_padding_phone=\u00bbinherit\u00bb column_padding_position=\u00bball\u00bb column_element_direction_desktop=\u00bbdefault\u00bb column_element_spacing=\u00bbdefault\u00bb desktop_text_alignment=\u00bbdefault\u00bb tablet_text_alignment=\u00bbdefault\u00bb phone_text_alignment=\u00bbdefault\u00bb background_color_opacity=\u00bb1&#8243; background_hover_color_opacity=\u00bb1&#8243; column_backdrop_filter=\u00bbnone\u00bb column_shadow=\u00bbnone\u00bb&#8230;<\/p>\n","protected":false},"author":2,"featured_media":0,"parent":0,"menu_order":0,"comment_status":"closed","ping_status":"closed","template":"","meta":{"_acf_changed":false,"footnotes":""},"class_list":["post-1185","page","type-page","status-publish"],"acf":[],"_links":{"self":[{"href":"https:\/\/thehockeydepartment.com\/es\/wp-json\/wp\/v2\/pages\/1185","targetHints":{"allow":["GET"]}}],"collection":[{"href":"https:\/\/thehockeydepartment.com\/es\/wp-json\/wp\/v2\/pages"}],"about":[{"href":"https:\/\/thehockeydepartment.com\/es\/wp-json\/wp\/v2\/types\/page"}],"author":[{"embeddable":true,"href":"https:\/\/thehockeydepartment.com\/es\/wp-json\/wp\/v2\/users\/2"}],"replies":[{"embeddable":true,"href":"https:\/\/thehockeydepartment.com\/es\/wp-json\/wp\/v2\/comments?post=1185"}],"version-history":[{"count":2,"href":"https:\/\/thehockeydepartment.com\/es\/wp-json\/wp\/v2\/pages\/1185\/revisions"}],"predecessor-version":[{"id":1187,"href":"https:\/\/thehockeydepartment.com\/es\/wp-json\/wp\/v2\/pages\/1185\/revisions\/1187"}],"wp:attachment":[{"href":"https:\/\/thehockeydepartment.com\/es\/wp-json\/wp\/v2\/media?parent=1185"}],"curies":[{"name":"wp","href":"https:\/\/api.w.org\/{rel}","templated":true}]}}